{"id":8930,"date":"2021-11-25T14:44:06","date_gmt":"2021-11-25T10:44:06","guid":{"rendered":"https:\/\/nonagabrielyan.am\/about\/"},"modified":"2025-10-27T10:46:30","modified_gmt":"2025-10-27T06:46:30","slug":"about","status":"publish","type":"page","link":"https:\/\/vansoghomonyan.am\/de\/about\/","title":{"rendered":"K\u00fcnstler"},"content":{"rendered":"\t\t<div data-elementor-type=\"wp-post\" data-elementor-id=\"8930\" class=\"elementor elementor-8930 elementor-5501\">\n\t\t\t\t\t\t<section class=\"elementor-section elementor-top-section elementor-element elementor-element-87b6ee7 elementor-section-full_width elementor-section-height-default elementor-section-height-default\" data-id=\"87b6ee7\" data-element_type=\"section\">\n\t\t\t\t\t\t<div class=\"elementor-container elementor-column-gap-default\">\n\t\t\t\t\t<div class=\"elementor-column elementor-col-100 elementor-top-column elementor-element elementor-element-96fa290\" data-id=\"96fa290\" data-element_type=\"column\" data-settings=\"{&quot;background_background&quot;:&quot;classic&quot;}\">\n\t\t\t<div class=\"elementor-widget-wrap elementor-element-populated\">\n\t\t\t\t\t\t<div class=\"elementor-element elementor-element-62bd1ae elementor-widget elementor-widget-ova_heading_page\" data-id=\"62bd1ae\" data-element_type=\"widget\" data-widget_type=\"ova_heading_page.default\">\n\t\t\t\t<div class=\"elementor-widget-container\">\n\t\t\t\t\t\n\t\t<section class=\"heading-page\" style=\"background-image: url(https:\/\/vansoghomonyan.am\/wp-content\/uploads\/2025\/10\/painting-052.jpg)\" >\n\t\t\t<div class=\"container\">\n\t\t\t\t<div class=\"cta-content\">\n\t\t\t\t\t\t\t\t\t\t\t<h2 class=\"second_font\">\u00dcber den K\u00fcnstler<\/h2>\n\t\t\t\t\t\t\t\t\t\t\n\t\t\t\t<\/div>\n\t\t\t<\/div>\n\t\t<\/section>\n\n\t\t\t\t\t<\/div>\n\t\t\t\t<\/div>\n\t\t\t\t\t<\/div>\n\t\t<\/div>\n\t\t\t\t\t<\/div>\n\t\t<\/section>\n\t\t\t\t<section class=\"elementor-section elementor-top-section elementor-element elementor-element-1a5bffd elementor-section-boxed elementor-section-height-default elementor-section-height-default\" data-id=\"1a5bffd\" data-element_type=\"section\">\n\t\t\t\t\t\t<div class=\"elementor-container elementor-column-gap-default\">\n\t\t\t\t\t<div class=\"elementor-column elementor-col-100 elementor-top-column elementor-element elementor-element-dd3b581\" data-id=\"dd3b581\" data-element_type=\"column\">\n\t\t\t<div class=\"elementor-widget-wrap\">\n\t\t\t\t\t\t\t<\/div>\n\t\t<\/div>\n\t\t\t\t\t<\/div>\n\t\t<\/section>\n\t\t\t\t<section class=\"elementor-section elementor-top-section elementor-element elementor-element-bb36395 elementor-section-boxed elementor-section-height-default elementor-section-height-default\" data-id=\"bb36395\" data-element_type=\"section\">\n\t\t\t\t\t\t<div class=\"elementor-container elementor-column-gap-default\">\n\t\t\t\t\t<div class=\"elementor-column elementor-col-100 elementor-top-column elementor-element elementor-element-7e2c6db\" data-id=\"7e2c6db\" data-element_type=\"column\">\n\t\t\t<div class=\"elementor-widget-wrap elementor-element-populated\">\n\t\t\t\t\t\t<div class=\"elementor-element elementor-element-4ad8b26 elementor-widget elementor-widget-ova_menu_page\" data-id=\"4ad8b26\" data-element_type=\"widget\" data-widget_type=\"ova_menu_page.default\">\n\t\t\t\t<div class=\"elementor-widget-container\">\n\t\t\t\t\t\t\t<div class=\"ova_menu_page\">\n\t\t\t<ul id=\"menu-%d5%b6%d5%af%d5%a1%d6%80%d5%b9%d5%ab-%d5%b4%d5%a1%d5%bd%d5%ab%d5%b6\" class=\"menu\"><li id=\"menu-item-8873\" class=\"menu-item menu-item-type-post_type menu-item-object-page menu-item-8873\"><a title=\"K\u00fcnstler\" href=\"https:\/\/vansoghomonyan.am\/about\/\">K\u00fcnstler<\/a><\/li>\n<li id=\"menu-item-8872\" class=\"menu-item menu-item-type-post_type menu-item-object-page menu-item-8872\"><a title=\"Album\" href=\"https:\/\/vansoghomonyan.am\/photo-album\/\">Album<\/a><\/li>\n<li id=\"menu-item-8871\" class=\"menu-item menu-item-type-post_type menu-item-object-page menu-item-8871\"><a title=\"Bewertungen\" href=\"https:\/\/vansoghomonyan.am\/testimonials\/\">Bewertungen<\/a><\/li>\n<\/ul>\t\t<\/div>\n\t\t\t\t\t\t<\/div>\n\t\t\t\t<\/div>\n\t\t\t\t<div class=\"elementor-element elementor-element-20bbf82 line-height-30 elementor-widget elementor-widget-text-editor\" data-id=\"20bbf82\" data-element_type=\"widget\" data-widget_type=\"text-editor.default\">\n\t\t\t\t<div class=\"elementor-widget-container\">\n\t\t\t\t\t\t\t\t\t<p>Van Soghomonyan wurde 1937 in Tiflis (Georgien) geboren.<\/p>\n<p>Seine erste k\u00fcnstlerische Ausbildung erhielt er an der Yakob Nikoladze Kunsthochschule in Tiflis (1956\u20131958).<\/p>\n<p>Er setzte sein Studium am Eriwaner Theater- und Kunstinstitut (1963\u20131968) \u2013 der heutigen Akademie der Bildenden K\u00fcnste \u2013 fort, wo seine kreative Sprache entstand, die plastische Ausdruckskraft, spirituelle Symbolik und philosophische Tiefe vereint.<\/p>\n<p>Seit 1971 ist er Mitglied des K\u00fcnstlerverbandes der UdSSR und Armeniens.<\/p>\n<p>Seit den 1970er Jahren nimmt Van Soghomonyan aktiv an internationalen Ausstellungen und Symposien teil und pr\u00e4sentiert armenische Kunst in Italien, Frankreich, Deutschland, der Schweiz, den USA, Japan, Ungarn, Polen, der UdSSR und anderen L\u00e4ndern.<\/p>\n<p>Bereits in den 1980er Jahren galt er als einer der f\u00fchrenden Meister der zeitgen\u00f6ssischen Keramik und erhielt Diplome und den ersten Preis (1983) beim Internationalen Keramikwettbewerb in Faenza (Italien).<\/p>\n<p>1992 zog der K\u00fcnstler nach Wiesbaden, wo er drei Jahrzehnte lang lebte und arbeitete.<\/p>\n<p>Mit seiner Frau, der K\u00fcnstlerin Nona Gabrielyan, gr\u00fcndete er das Kunst Atelier V&amp;N (1992\u20132022), das sich zu einem wichtigen kreativen Zentrum entwickelte und K\u00fcnstler aus verschiedenen L\u00e4ndern und Generationen vereinte.<\/p>\n<p>Das Atelier leistete einen gro\u00dfen Beitrag zum kulturellen Leben Wiesbadens, pr\u00e4sentierte zahlreiche Einzel- und Gruppenausstellungen und machte zeitgen\u00f6ssische armenische Kunst dem deutschen Publikum bekannt.<\/p>\n<p>Seit 1998 ist er Mitglied im Bundesverband Deutscher K\u00fcnstler (BBK) und seit 1999 Mitglied der KERAMOS International Academy (Warschau, Polen).<\/p>\n<p><\/p><h6><b>Einzelausstellungen<\/b><\/h6>\n<p>1986, 2018, 2023 \u2013 K\u00fcnstlerverband Armeniens, Eriwan<\/p>\n<p>2020 \u2013 \u201eDer Mensch und die Biosph\u00e4re\u201c, K\u00fcnstlerverband Armeniens, Eriwan<\/p>\n<p>2013, 2008, 2004, 1996, 1994, 1993 \u2013 Christian Zeiss Galerie, Wiesbaden<\/p>\n<p>1980, 2013 \u2013 Museum f\u00fcr Moderne Kunst, Eriwan<\/p>\n<p>2006 \u2013 Nationalgalerie Armenien, Eriwan<\/p>\n<p>2003 \u2013 Rathaus, Wiesbaden<\/p>\n<p>2002 \u2013 Galerie \u201eArt im Salztor\u201c, Hamburg<\/p>\n<p>2002, 1997, 1995 \u2013 Kreisgalerie, Bergheim<\/p>\n<p>2000 \u2013 St\u00e4dtische Galerie, Altes Rathaus, F\u00fcrstenwalde<\/p>\n<p>1999 \u2013 Cit\u00e9 Internationale des Arts, Paris<\/p>\n<p>1999 \u2013 Galerie Artitude, Paris, Frankreich<\/p>\n<p>1997 \u2014 GRS-Zentrum, K\u00f6ln, Deutschland<\/p>\n<p>1994 \u2014 Stadtgalerie, Halle an der Saale, Deutschland<\/p>\n<p>1994 \u2014 Keramikmuseum, Frechen, Deutschland<\/p>\n<p>1987 \u2014 Union der K\u00fcnstler Armeniens, Eriwan<\/p>\n<p>1986 \u2014 Kulturzentrum Armeniens, Moskau<\/p>\n<h6><b>Gruppenausstellungen und Wettbewerbe<\/b><\/h6>\n<p>2022 \u2014 50-j\u00e4hriges Jubil\u00e4um des Museums f\u00fcr Moderne Kunst, Eriwan<\/p>\n<p>2015 \u2014 Kunst Osteuropas, Wallau, Deutschland<\/p>\n<p>2013 \u2014 Malerei Osteuropas, Main-Taunus-Galerie, Hochheim, Deutschland<\/p>\n<p>1980\u20131999 \u2014 Internationaler Keramikwettbewerb Della Ceramica d\u2019Arte, Faenza, Italien \u2014 Diplome und 1. Preis (1983)<\/p>\n<p>1978\u20131980 \u2014 Biennale Internationale de C\u00e9ramique d\u2019Art, Vallauris, Frankreich<\/p>\n<p>1998 \u2014 \u201eOcean\u201c, Palais des Nations, Genf, Schweiz<\/p>\n<p>1992 \u2013 \u201eZeitgen\u00f6ssische osteurop\u00e4ische Keramik\u201c, Philadelphia, Atlanta, New York, USA<\/p>\n<p>1985 \u2013 \u201eRetrospektive armenischer Kunst\u201c, Akademie der Bildenden K\u00fcnste, Moskau und St. Petersburg<\/p>\n<p>1973 \u2013 \u201eArmenische Gegenwartskunst\u201c, Tokio, Japan<\/p>\n<h6><b>Symposien<\/b><\/h6>\n<p>2001 \u2013 Internationales Keramiksymposium, Halle an der Saale, Deutschland<\/p>\n<p>1988 \u2013 Internationales Keramiksymposium, Kecskem\u00e9t, Ungarn<\/p>\n<p>1984, 1976 \u2013 Internationale Symposien, Dzintari, Litauen<\/p>\n<p>1981 \u2013 Internationales Keramiksymposium, R\u00f6mhild, Deutschland<\/p>\n<p>1990 \u2013 \u201eIn Erinnerung an 1915\u201c, Marmor und Bronze, Khartum, Sudan<\/p>\n<p>2013 \u2013 Denkmal \u201eFreundschaft\u201c, Granit, Meghri, Armenien<\/p>\n<p><h6><b>Sammlungen<\/b><\/h6>Nationalgalerie Armenien, Eriwan<\/p>\n<p>Museum f\u00fcr Zeitgen\u00f6ssische Kunst Kunst, Eriwan<\/p>\n<p>Museum und Institut zum V\u00f6lkermord an den Armeniern, Eriwan<\/p>\n<p>Nationales Museum f\u00fcr Ethnographie, Sardarapat, Armenien<\/p>\n<p>Zimmerli Art Museum, New Jersey, USA<\/p>\n<p>Staatliches Museum des Orients, Moskau, Russland<\/p>\n<p>Allrussisches Museum f\u00fcr Dekorative Kunst, Moskau, Russland<\/p>\n<p>Internationales Keramikmuseum, Faenza, Italien<\/p>\n<p>Internationales Keramikstudio, Kecskem\u00e9t, Ungarn<\/p>\n<p>Keramikmuseum, R\u00f6mhild, Deutschland<\/p>\n<p>Museum Moritzburg, Halle an der Saale, Deutschland<\/p>\n<p>Sergej-Parajanov-Hausmuseum, Eriwan, Armenien<\/p>\t\t\t\t\t\t\t\t<\/div>\n\t\t\t\t<\/div>\n\t\t\t\t\t<\/div>\n\t\t<\/div>\n\t\t\t\t\t<\/div>\n\t\t<\/section>\n\t\t\t\t<\/div>\n\t\t","protected":false},"excerpt":{"rendered":"<p>\u00dcber den K\u00fcnstler \u0546\u056f\u0561\u0580\u0579\u056b \u0574\u0561\u057d\u056b\u0576 \u0556\u0578\u057f\u0578 \u0561\u056c\u0562\u0578\u0574 \u053f\u0561\u0580\u056e\u056b\u0584\u0576\u0565\u0580 Van Soghomonyan wurde 1937 in Tiflis (Georgien) geboren. Seine erste k\u00fcnstlerische Ausbildung erhielt er an der Yakob Nikoladze Kunsthochschule in Tiflis (1956\u20131958). Er setzte sein Studium am Eriwaner Theater- und Kunstinstitut (1963\u20131968) \u2013 der heutigen Akademie der Bildenden K\u00fcnste \u2013 fort, wo seine kreative Sprache entstand, die [&hellip;]<\/p>\n","protected":false},"author":1,"featured_media":0,"parent":0,"menu_order":0,"comment_status":"closed","ping_status":"closed","template":"elementor_header_footer","meta":{"footnotes":""},"class_list":["post-8930","page","type-page","status-publish","hentry"],"yoast_head":"<!-- This site is optimized with the Yoast SEO plugin v27.4 - https:\/\/yoast.com\/product\/yoast-seo-wordpress\/ -->\n<title>K\u00fcnstler - Van Soghomonyan<\/title>\n<meta name=\"robots\" content=\"index, follow, max-snippet:-1, max-image-preview:large, max-video-preview:-1\" \/>\n<link rel=\"canonical\" href=\"https:\/\/vansoghomonyan.am\/de\/about\/\" \/>\n<meta property=\"og:locale\" content=\"de_DE\" \/>\n<meta property=\"og:type\" content=\"article\" \/>\n<meta property=\"og:title\" content=\"K\u00fcnstler - Van Soghomonyan\" \/>\n<meta property=\"og:description\" content=\"\u00dcber den K\u00fcnstler \u0546\u056f\u0561\u0580\u0579\u056b \u0574\u0561\u057d\u056b\u0576 \u0556\u0578\u057f\u0578 \u0561\u056c\u0562\u0578\u0574 \u053f\u0561\u0580\u056e\u056b\u0584\u0576\u0565\u0580 Van Soghomonyan wurde 1937 in Tiflis (Georgien) geboren. Seine erste k\u00fcnstlerische Ausbildung erhielt er an der Yakob Nikoladze Kunsthochschule in Tiflis (1956\u20131958). Er setzte sein Studium am Eriwaner Theater- und Kunstinstitut (1963\u20131968) \u2013 der heutigen Akademie der Bildenden K\u00fcnste \u2013 fort, wo seine kreative Sprache entstand, die [&hellip;]\" \/>\n<meta property=\"og:url\" content=\"https:\/\/vansoghomonyan.am\/de\/about\/\" \/>\n<meta property=\"og:site_name\" content=\"Van Soghomonyan\" \/>\n<meta property=\"article:publisher\" content=\"https:\/\/www.facebook.com\/Andrey-Shugarov-707008146027141\" \/>\n<meta property=\"article:modified_time\" content=\"2025-10-27T06:46:30+00:00\" \/>\n<meta name=\"twitter:card\" content=\"summary_large_image\" \/>\n<meta name=\"twitter:label1\" content=\"Gesch\u00e4tzte Lesezeit\" \/>\n\t<meta name=\"twitter:data1\" content=\"3\u00a0Minuten\" \/>\n<script type=\"application\/ld+json\" class=\"yoast-schema-graph\">{\"@context\":\"https:\\\/\\\/schema.org\",\"@graph\":[{\"@type\":\"WebPage\",\"@id\":\"https:\\\/\\\/vansoghomonyan.am\\\/de\\\/about\\\/\",\"url\":\"https:\\\/\\\/vansoghomonyan.am\\\/de\\\/about\\\/\",\"name\":\"K\u00fcnstler - Van Soghomonyan\",\"isPartOf\":{\"@id\":\"https:\\\/\\\/vansoghomonyan.am\\\/de\\\/#website\"},\"datePublished\":\"2021-11-25T10:44:06+00:00\",\"dateModified\":\"2025-10-27T06:46:30+00:00\",\"breadcrumb\":{\"@id\":\"https:\\\/\\\/vansoghomonyan.am\\\/de\\\/about\\\/#breadcrumb\"},\"inLanguage\":\"de\",\"potentialAction\":[{\"@type\":\"ReadAction\",\"target\":[\"https:\\\/\\\/vansoghomonyan.am\\\/de\\\/about\\\/\"]}]},{\"@type\":\"BreadcrumbList\",\"@id\":\"https:\\\/\\\/vansoghomonyan.am\\\/de\\\/about\\\/#breadcrumb\",\"itemListElement\":[{\"@type\":\"ListItem\",\"position\":1,\"name\":\"Home\",\"item\":\"https:\\\/\\\/vansoghomonyan.am\\\/de\\\/\"},{\"@type\":\"ListItem\",\"position\":2,\"name\":\"K\u00fcnstler\"}]},{\"@type\":\"WebSite\",\"@id\":\"https:\\\/\\\/vansoghomonyan.am\\\/de\\\/#website\",\"url\":\"https:\\\/\\\/vansoghomonyan.am\\\/de\\\/\",\"name\":\"Van Soghomonyan\",\"description\":\"Fine Artist\",\"publisher\":{\"@id\":\"https:\\\/\\\/vansoghomonyan.am\\\/de\\\/#organization\"},\"potentialAction\":[{\"@type\":\"SearchAction\",\"target\":{\"@type\":\"EntryPoint\",\"urlTemplate\":\"https:\\\/\\\/vansoghomonyan.am\\\/de\\\/?s={search_term_string}\"},\"query-input\":{\"@type\":\"PropertyValueSpecification\",\"valueRequired\":true,\"valueName\":\"search_term_string\"}}],\"inLanguage\":\"de\"},{\"@type\":\"Organization\",\"@id\":\"https:\\\/\\\/vansoghomonyan.am\\\/de\\\/#organization\",\"name\":\"Andrey Shugarov\",\"url\":\"https:\\\/\\\/vansoghomonyan.am\\\/de\\\/\",\"logo\":{\"@type\":\"ImageObject\",\"inLanguage\":\"de\",\"@id\":\"https:\\\/\\\/vansoghomonyan.am\\\/de\\\/#\\\/schema\\\/logo\\\/image\\\/\",\"url\":\"https:\\\/\\\/vansoghomonyan.am\\\/wp-content\\\/uploads\\\/2021\\\/11\\\/a.shugarov.jpg\",\"contentUrl\":\"https:\\\/\\\/vansoghomonyan.am\\\/wp-content\\\/uploads\\\/2021\\\/11\\\/a.shugarov.jpg\",\"width\":2100,\"height\":1933,\"caption\":\"Andrey Shugarov\"},\"image\":{\"@id\":\"https:\\\/\\\/vansoghomonyan.am\\\/de\\\/#\\\/schema\\\/logo\\\/image\\\/\"},\"sameAs\":[\"https:\\\/\\\/www.facebook.com\\\/Andrey-Shugarov-707008146027141\"]}]}<\/script>\n<!-- \/ Yoast SEO plugin. -->","yoast_head_json":{"title":"K\u00fcnstler - Van Soghomonyan","robots":{"index":"index","follow":"follow","max-snippet":"max-snippet:-1","max-image-preview":"max-image-preview:large","max-video-preview":"max-video-preview:-1"},"canonical":"https:\/\/vansoghomonyan.am\/de\/about\/","og_locale":"de_DE","og_type":"article","og_title":"K\u00fcnstler - Van Soghomonyan","og_description":"\u00dcber den K\u00fcnstler \u0546\u056f\u0561\u0580\u0579\u056b \u0574\u0561\u057d\u056b\u0576 \u0556\u0578\u057f\u0578 \u0561\u056c\u0562\u0578\u0574 \u053f\u0561\u0580\u056e\u056b\u0584\u0576\u0565\u0580 Van Soghomonyan wurde 1937 in Tiflis (Georgien) geboren. Seine erste k\u00fcnstlerische Ausbildung erhielt er an der Yakob Nikoladze Kunsthochschule in Tiflis (1956\u20131958). Er setzte sein Studium am Eriwaner Theater- und Kunstinstitut (1963\u20131968) \u2013 der heutigen Akademie der Bildenden K\u00fcnste \u2013 fort, wo seine kreative Sprache entstand, die [&hellip;]","og_url":"https:\/\/vansoghomonyan.am\/de\/about\/","og_site_name":"Van Soghomonyan","article_publisher":"https:\/\/www.facebook.com\/Andrey-Shugarov-707008146027141","article_modified_time":"2025-10-27T06:46:30+00:00","twitter_card":"summary_large_image","twitter_misc":{"Gesch\u00e4tzte Lesezeit":"3\u00a0Minuten"},"schema":{"@context":"https:\/\/schema.org","@graph":[{"@type":"WebPage","@id":"https:\/\/vansoghomonyan.am\/de\/about\/","url":"https:\/\/vansoghomonyan.am\/de\/about\/","name":"K\u00fcnstler - Van Soghomonyan","isPartOf":{"@id":"https:\/\/vansoghomonyan.am\/de\/#website"},"datePublished":"2021-11-25T10:44:06+00:00","dateModified":"2025-10-27T06:46:30+00:00","breadcrumb":{"@id":"https:\/\/vansoghomonyan.am\/de\/about\/#breadcrumb"},"inLanguage":"de","potentialAction":[{"@type":"ReadAction","target":["https:\/\/vansoghomonyan.am\/de\/about\/"]}]},{"@type":"BreadcrumbList","@id":"https:\/\/vansoghomonyan.am\/de\/about\/#breadcrumb","itemListElement":[{"@type":"ListItem","position":1,"name":"Home","item":"https:\/\/vansoghomonyan.am\/de\/"},{"@type":"ListItem","position":2,"name":"K\u00fcnstler"}]},{"@type":"WebSite","@id":"https:\/\/vansoghomonyan.am\/de\/#website","url":"https:\/\/vansoghomonyan.am\/de\/","name":"Van Soghomonyan","description":"Fine Artist","publisher":{"@id":"https:\/\/vansoghomonyan.am\/de\/#organization"},"potentialAction":[{"@type":"SearchAction","target":{"@type":"EntryPoint","urlTemplate":"https:\/\/vansoghomonyan.am\/de\/?s={search_term_string}"},"query-input":{"@type":"PropertyValueSpecification","valueRequired":true,"valueName":"search_term_string"}}],"inLanguage":"de"},{"@type":"Organization","@id":"https:\/\/vansoghomonyan.am\/de\/#organization","name":"Andrey Shugarov","url":"https:\/\/vansoghomonyan.am\/de\/","logo":{"@type":"ImageObject","inLanguage":"de","@id":"https:\/\/vansoghomonyan.am\/de\/#\/schema\/logo\/image\/","url":"https:\/\/vansoghomonyan.am\/wp-content\/uploads\/2021\/11\/a.shugarov.jpg","contentUrl":"https:\/\/vansoghomonyan.am\/wp-content\/uploads\/2021\/11\/a.shugarov.jpg","width":2100,"height":1933,"caption":"Andrey Shugarov"},"image":{"@id":"https:\/\/vansoghomonyan.am\/de\/#\/schema\/logo\/image\/"},"sameAs":["https:\/\/www.facebook.com\/Andrey-Shugarov-707008146027141"]}]}},"_links":{"self":[{"href":"https:\/\/vansoghomonyan.am\/de\/wp-json\/wp\/v2\/pages\/8930","targetHints":{"allow":["GET"]}}],"collection":[{"href":"https:\/\/vansoghomonyan.am\/de\/wp-json\/wp\/v2\/pages"}],"about":[{"href":"https:\/\/vansoghomonyan.am\/de\/wp-json\/wp\/v2\/types\/page"}],"author":[{"embeddable":true,"href":"https:\/\/vansoghomonyan.am\/de\/wp-json\/wp\/v2\/users\/1"}],"replies":[{"embeddable":true,"href":"https:\/\/vansoghomonyan.am\/de\/wp-json\/wp\/v2\/comments?post=8930"}],"version-history":[{"count":21,"href":"https:\/\/vansoghomonyan.am\/de\/wp-json\/wp\/v2\/pages\/8930\/revisions"}],"predecessor-version":[{"id":9853,"href":"https:\/\/vansoghomonyan.am\/de\/wp-json\/wp\/v2\/pages\/8930\/revisions\/9853"}],"wp:attachment":[{"href":"https:\/\/vansoghomonyan.am\/de\/wp-json\/wp\/v2\/media?parent=8930"}],"curies":[{"name":"wp","href":"https:\/\/api.w.org\/{rel}","templated":true}]}}